{"id":706,"date":"2023-01-05T19:51:21","date_gmt":"2023-01-05T18:51:21","guid":{"rendered":"https:\/\/spanish-4you.com\/inicio\/"},"modified":"2026-01-30T04:52:33","modified_gmt":"2026-01-30T03:52:33","slug":"inicio","status":"publish","type":"page","link":"https:\/\/spanish-4you.com\/es\/","title":{"rendered":"Inicio"},"content":{"rendered":"\t\t<div data-elementor-type=\"wp-page\" data-elementor-id=\"706\" class=\"elementor elementor-706 elementor-2\">\n\t\t\t\t\t\t<section class=\"elementor-section elementor-top-section elementor-element elementor-element-b273260 elementor-section-full_width elementor-section-height-default elementor-section-height-default\" data-id=\"b273260\" data-element_type=\"section\" data-e-type=\"section\" data-settings=\"{&quot;background_background&quot;:&quot;classic&quot;}\">\n\t\t\t\t\t\t\t<div class=\"elementor-background-overlay\"><\/div>\n\t\t\t\t\t\t\t<div class=\"elementor-container elementor-column-gap-no\">\n\t\t\t\t\t<div class=\"elementor-column elementor-col-100 elementor-top-column elementor-element elementor-element-5edce63\" data-id=\"5edce63\" data-element_type=\"column\" data-e-type=\"column\">\n\t\t\t<div class=\"elementor-widget-wrap elementor-element-populated\">\n\t\t\t\t\t\t<section class=\"elementor-section elementor-inner-section elementor-element elementor-element-2bdb144 elementor-section-full_width elementor-section-height-default elementor-section-height-default\" data-id=\"2bdb144\" data-element_type=\"section\" data-e-type=\"section\">\n\t\t\t\t\t\t<div class=\"elementor-container elementor-column-gap-default\">\n\t\t\t\t\t<div class=\"elementor-column elementor-col-100 elementor-inner-column elementor-element elementor-element-9dc4938\" data-id=\"9dc4938\" data-element_type=\"column\" data-e-type=\"column\">\n\t\t\t<div class=\"elementor-widget-wrap elementor-element-populated\">\n\t\t\t\t\t\t<div class=\"elementor-element elementor-element-cb2e044 elementor-invisible elementor-widget elementor-widget-heading\" data-id=\"cb2e044\" data-element_type=\"widget\" data-e-type=\"widget\" data-settings=\"{&quot;_animation&quot;:&quot;fadeInUp&quot;}\" data-widget_type=\"heading.default\">\n\t\t\t\t<div class=\"elementor-widget-container\">\n\t\t\t\t\t<h1 class=\"elementor-heading-title elementor-size-default\">Academia de espa\u00f1ol online: Spanish-4You<\/h1>\t\t\t\t<\/div>\n\t\t\t\t<\/div>\n\t\t\t\t\t<\/div>\n\t\t<\/div>\n\t\t\t\t\t<\/div>\n\t\t<\/section>\n\t\t\t\t<div class=\"elementor-element elementor-element-861e45e elementor-invisible elementor-widget elementor-widget-text-editor\" data-id=\"861e45e\" data-element_type=\"widget\" data-e-type=\"widget\" data-settings=\"{&quot;_animation&quot;:&quot;fadeInUp&quot;}\" data-widget_type=\"text-editor.default\">\n\t\t\t\t<div class=\"elementor-widget-container\">\n\t\t\t\t\t\t\t\t\t<p>Aprende espa\u00f1ol con nuestros profesores m\u00e1s expertos y prepara tus examenes de espa\u00f1ol.<\/p>\n\t\t\t\t\t\t\t\t<\/div>\n\t\t\t\t<\/div>\n\t\t\t\t\t<\/div>\n\t\t<\/div>\n\t\t\t\t\t<\/div>\n\t\t<\/section>\n\t\t\t\t<section class=\"elementor-section elementor-top-section elementor-element elementor-element-a45b01d elementor-section-content-middle elementor-section-boxed elementor-section-height-default elementor-section-height-default\" data-id=\"a45b01d\" data-element_type=\"section\" data-e-type=\"section\">\n\t\t\t\t\t\t<div class=\"elementor-container elementor-column-gap-default\">\n\t\t\t\t\t<div class=\"elementor-column elementor-col-50 elementor-top-column elementor-element elementor-element-287cbb0\" data-id=\"287cbb0\" data-element_type=\"column\" data-e-type=\"column\">\n\t\t\t<div class=\"elementor-widget-wrap elementor-element-populated\">\n\t\t\t\t\t\t<div class=\"elementor-element elementor-element-f3dfcdd elementor-widget elementor-widget-image\" data-id=\"f3dfcdd\" data-element_type=\"widget\" data-e-type=\"widget\" data-widget_type=\"image.default\">\n\t\t\t\t<div class=\"elementor-widget-container\">\n\t\t\t\t\t\t\t\t\t\t\t\t\t\t\t<img fetchpriority=\"high\" decoding=\"async\" width=\"800\" height=\"702\" src=\"https:\/\/spanish-4you.com\/wp-content\/uploads\/2023\/03\/Spanish-online-teacher-Lola-Gomez-about-me.jpg\" class=\"attachment-full size-full wp-image-494\" alt=\"\" srcset=\"https:\/\/spanish-4you.com\/wp-content\/uploads\/2023\/03\/Spanish-online-teacher-Lola-Gomez-about-me.jpg 800w, https:\/\/spanish-4you.com\/wp-content\/uploads\/2023\/03\/Spanish-online-teacher-Lola-Gomez-about-me-420x369.jpg 420w, https:\/\/spanish-4you.com\/wp-content\/uploads\/2023\/03\/Spanish-online-teacher-Lola-Gomez-about-me-600x527.jpg 600w, https:\/\/spanish-4you.com\/wp-content\/uploads\/2023\/03\/Spanish-online-teacher-Lola-Gomez-about-me-300x263.jpg 300w, https:\/\/spanish-4you.com\/wp-content\/uploads\/2023\/03\/Spanish-online-teacher-Lola-Gomez-about-me-768x674.jpg 768w, https:\/\/spanish-4you.com\/wp-content\/uploads\/2023\/03\/Spanish-online-teacher-Lola-Gomez-about-me-230x202.jpg 230w, https:\/\/spanish-4you.com\/wp-content\/uploads\/2023\/03\/Spanish-online-teacher-Lola-Gomez-about-me-350x307.jpg 350w, https:\/\/spanish-4you.com\/wp-content\/uploads\/2023\/03\/Spanish-online-teacher-Lola-Gomez-about-me-480x421.jpg 480w\" sizes=\"(max-width: 800px) 100vw, 800px\" \/>\t\t\t\t\t\t\t\t\t\t\t\t\t\t\t<\/div>\n\t\t\t\t<\/div>\n\t\t\t\t\t<\/div>\n\t\t<\/div>\n\t\t\t\t<div class=\"elementor-column elementor-col-50 elementor-top-column elementor-element elementor-element-91e5412\" data-id=\"91e5412\" data-element_type=\"column\" data-e-type=\"column\">\n\t\t\t<div class=\"elementor-widget-wrap elementor-element-populated\">\n\t\t\t\t\t\t<div class=\"elementor-element elementor-element-5d0b3f2 elementor-widget elementor-widget-text-editor\" data-id=\"5d0b3f2\" data-element_type=\"widget\" data-e-type=\"widget\" data-widget_type=\"text-editor.default\">\n\t\t\t\t<div class=\"elementor-widget-container\">\n\t\t\t\t\t\t\t\t\t<p>Bienvenido a Spanish-4You, tu academia de espa\u00f1ol con los mejores profesores con experiencia en la ense\u00f1anza de idiomas. Impartimos clases en nuestros dos centros acad\u00e9micos, as\u00ed como online si lo prefieres, ofreciendo un entorno cercano y profesional para tu aprendizaje. Aprende con un m\u00e9todo pr\u00e1ctico y personalizado y alcanza tus objetivos de aprendizaje del espa\u00f1ol con nosotros. Tambi\u00e9n te preparamos para los ex\u00e1menes IB, IGCSE, AP, DELE (A1\u2013C2), DELE Escolares o SIELE para que los superes con total confianza. \u00a1Estamos deseando conocerte!<\/p>\n\t\t\t\t\t\t\t\t<\/div>\n\t\t\t\t<\/div>\n\t\t\t\t\t<\/div>\n\t\t<\/div>\n\t\t\t\t\t<\/div>\n\t\t<\/section>\n\t\t\t\t<section class=\"elementor-section elementor-top-section elementor-element elementor-element-fce8467 elementor-section-content-middle elementor-reverse-mobile elementor-section-boxed elementor-section-height-default elementor-section-height-default\" data-id=\"fce8467\" data-element_type=\"section\" data-e-type=\"section\">\n\t\t\t\t\t\t<div class=\"elementor-container elementor-column-gap-default\">\n\t\t\t\t\t<div class=\"elementor-column elementor-col-50 elementor-top-column elementor-element elementor-element-ad44762\" data-id=\"ad44762\" data-element_type=\"column\" data-e-type=\"column\">\n\t\t\t<div class=\"elementor-widget-wrap elementor-element-populated\">\n\t\t\t\t\t\t<div class=\"elementor-element elementor-element-3b748ed elementor-widget elementor-widget-heading\" data-id=\"3b748ed\" data-element_type=\"widget\" data-e-type=\"widget\" data-widget_type=\"heading.default\">\n\t\t\t\t<div class=\"elementor-widget-container\">\n\t\t\t\t\t<h3 class=\"elementor-heading-title elementor-size-default\">\u00bfQuieres saber m\u00e1s?<\/h3>\t\t\t\t<\/div>\n\t\t\t\t<\/div>\n\t\t\t\t<div class=\"elementor-element elementor-element-835db02 elementor-widget elementor-widget-text-editor\" data-id=\"835db02\" data-element_type=\"widget\" data-e-type=\"widget\" data-widget_type=\"text-editor.default\">\n\t\t\t\t<div class=\"elementor-widget-container\">\n\t\t\t\t\t\t\t\t\t<p>\u00bfQuieres aprender espa\u00f1ol con nosotros pero a\u00fan no est\u00e1s convencido\/a? Ponte en contacto con nosotros, nos conoceremos y estableceremos tus objetivos de aprendizaje, o ven a visitarnos a cualquiera de nuestros centros. Estaremos encantados de acompa\u00f1arte en tu camino con el espa\u00f1ol.<\/p>\n\t\t\t\t\t\t\t\t<\/div>\n\t\t\t\t<\/div>\n\t\t\t\t<div class=\"elementor-element elementor-element-0179d7f elementor-align-center elementor-mobile-align-justify elementor-invisible elementor-widget elementor-widget-button\" data-id=\"0179d7f\" data-element_type=\"widget\" data-e-type=\"widget\" data-settings=\"{&quot;_animation&quot;:&quot;fadeIn&quot;,&quot;_animation_delay&quot;:1000}\" data-widget_type=\"button.default\">\n\t\t\t\t<div class=\"elementor-widget-container\">\n\t\t\t\t\t\t\t\t\t<div class=\"elementor-button-wrapper\">\n\t\t\t\t\t<a class=\"elementor-button elementor-button-link elementor-size-sm\" href=\"\/contact\">\n\t\t\t\t\t\t<span class=\"elementor-button-content-wrapper\">\n\t\t\t\t\t\t\t\t\t<span class=\"elementor-button-text\">Contacto<\/span>\n\t\t\t\t\t<\/span>\n\t\t\t\t\t<\/a>\n\t\t\t\t<\/div>\n\t\t\t\t\t\t\t\t<\/div>\n\t\t\t\t<\/div>\n\t\t\t\t\t<\/div>\n\t\t<\/div>\n\t\t\t\t<div class=\"elementor-column elementor-col-50 elementor-top-column elementor-element elementor-element-f877d45\" data-id=\"f877d45\" data-element_type=\"column\" data-e-type=\"column\">\n\t\t\t<div class=\"elementor-widget-wrap elementor-element-populated\">\n\t\t\t\t\t\t<div class=\"elementor-element elementor-element-873f2d9 elementor-widget elementor-widget-image\" data-id=\"873f2d9\" data-element_type=\"widget\" data-e-type=\"widget\" data-widget_type=\"image.default\">\n\t\t\t\t<div class=\"elementor-widget-container\">\n\t\t\t\t\t\t\t\t\t\t\t\t\t\t\t<img decoding=\"async\" width=\"800\" height=\"533\" src=\"https:\/\/spanish-4you.com\/wp-content\/uploads\/2023\/03\/free-trial-lesson-spanish-online.jpg\" class=\"attachment-full size-full wp-image-425\" alt=\"\" srcset=\"https:\/\/spanish-4you.com\/wp-content\/uploads\/2023\/03\/free-trial-lesson-spanish-online.jpg 800w, https:\/\/spanish-4you.com\/wp-content\/uploads\/2023\/03\/free-trial-lesson-spanish-online-420x280.jpg 420w, https:\/\/spanish-4you.com\/wp-content\/uploads\/2023\/03\/free-trial-lesson-spanish-online-600x400.jpg 600w, https:\/\/spanish-4you.com\/wp-content\/uploads\/2023\/03\/free-trial-lesson-spanish-online-300x200.jpg 300w, https:\/\/spanish-4you.com\/wp-content\/uploads\/2023\/03\/free-trial-lesson-spanish-online-768x512.jpg 768w, https:\/\/spanish-4you.com\/wp-content\/uploads\/2023\/03\/free-trial-lesson-spanish-online-230x153.jpg 230w, https:\/\/spanish-4you.com\/wp-content\/uploads\/2023\/03\/free-trial-lesson-spanish-online-350x233.jpg 350w, https:\/\/spanish-4you.com\/wp-content\/uploads\/2023\/03\/free-trial-lesson-spanish-online-480x320.jpg 480w\" sizes=\"(max-width: 800px) 100vw, 800px\" \/>\t\t\t\t\t\t\t\t\t\t\t\t\t\t\t<\/div>\n\t\t\t\t<\/div>\n\t\t\t\t\t<\/div>\n\t\t<\/div>\n\t\t\t\t\t<\/div>\n\t\t<\/section>\n\t\t\t\t<\/div>\n\t\t","protected":false},"excerpt":{"rendered":"<p>Academia de espa\u00f1ol online: Spanish-4You Aprende espa\u00f1ol con nuestros profesores m\u00e1s expertos y prepara tus examenes de espa\u00f1ol. Bienvenido a Spanish-4You, tu [&hellip;]<\/p>\n","protected":false},"author":4,"featured_media":0,"parent":0,"menu_order":0,"comment_status":"closed","ping_status":"closed","template":"elementor_header_footer","meta":{"footnotes":""},"class_list":["post-706","page","type-page","status-publish","hentry"],"aioseo_notices":[],"_links":{"self":[{"href":"https:\/\/spanish-4you.com\/es\/wp-json\/wp\/v2\/pages\/706","targetHints":{"allow":["GET"]}}],"collection":[{"href":"https:\/\/spanish-4you.com\/es\/wp-json\/wp\/v2\/pages"}],"about":[{"href":"https:\/\/spanish-4you.com\/es\/wp-json\/wp\/v2\/types\/page"}],"author":[{"embeddable":true,"href":"https:\/\/spanish-4you.com\/es\/wp-json\/wp\/v2\/users\/4"}],"replies":[{"embeddable":true,"href":"https:\/\/spanish-4you.com\/es\/wp-json\/wp\/v2\/comments?post=706"}],"version-history":[{"count":52,"href":"https:\/\/spanish-4you.com\/es\/wp-json\/wp\/v2\/pages\/706\/revisions"}],"predecessor-version":[{"id":2047,"href":"https:\/\/spanish-4you.com\/es\/wp-json\/wp\/v2\/pages\/706\/revisions\/2047"}],"wp:attachment":[{"href":"https:\/\/spanish-4you.com\/es\/wp-json\/wp\/v2\/media?parent=706"}],"curies":[{"name":"wp","href":"https:\/\/api.w.org\/{rel}","templated":true}]}}