{"id":935,"date":"2023-04-11T08:54:36","date_gmt":"2023-04-11T06:54:36","guid":{"rendered":"https:\/\/spanish-4you.com\/area-de-recursos\/"},"modified":"2026-01-30T04:54:27","modified_gmt":"2026-01-30T03:54:27","slug":"area-de-recursos","status":"publish","type":"page","link":"https:\/\/spanish-4you.com\/es\/area-de-recursos\/","title":{"rendered":"\u00c1rea de Recursos"},"content":{"rendered":"\t\t<div data-elementor-type=\"wp-page\" data-elementor-id=\"935\" class=\"elementor elementor-935 elementor-798\">\n\t\t\t\t\t\t<section class=\"elementor-section elementor-top-section elementor-element elementor-element-15e05d9 elementor-section-boxed elementor-section-height-default elementor-section-height-default\" data-id=\"15e05d9\" data-element_type=\"section\" data-e-type=\"section\" data-settings=\"{&quot;background_background&quot;:&quot;classic&quot;}\">\n\t\t\t\t\t\t\t<div class=\"elementor-background-overlay\"><\/div>\n\t\t\t\t\t\t\t<div class=\"elementor-container elementor-column-gap-default\">\n\t\t\t\t\t<div class=\"elementor-column elementor-col-100 elementor-top-column elementor-element elementor-element-f92ccb9\" data-id=\"f92ccb9\" data-element_type=\"column\" data-e-type=\"column\">\n\t\t\t<div class=\"elementor-widget-wrap elementor-element-populated\">\n\t\t\t\t\t\t<section class=\"elementor-section elementor-inner-section elementor-element elementor-element-daf9826 elementor-section-full_width elementor-section-height-default elementor-section-height-default\" data-id=\"daf9826\" data-element_type=\"section\" data-e-type=\"section\">\n\t\t\t\t\t\t<div class=\"elementor-container elementor-column-gap-default\">\n\t\t\t\t\t<div class=\"elementor-column elementor-col-100 elementor-inner-column elementor-element elementor-element-905e5b6\" data-id=\"905e5b6\" data-element_type=\"column\" data-e-type=\"column\">\n\t\t\t<div class=\"elementor-widget-wrap elementor-element-populated\">\n\t\t\t\t\t\t<div class=\"elementor-element elementor-element-e976094 elementor-invisible elementor-widget elementor-widget-heading\" data-id=\"e976094\" data-element_type=\"widget\" data-e-type=\"widget\" data-settings=\"{&quot;_animation&quot;:&quot;fadeInUp&quot;}\" data-widget_type=\"heading.default\">\n\t\t\t\t<div class=\"elementor-widget-container\">\n\t\t\t\t\t<h1 class=\"elementor-heading-title elementor-size-default\">\u00c1rea de Recursos<\/h1>\t\t\t\t<\/div>\n\t\t\t\t<\/div>\n\t\t\t\t\t<\/div>\n\t\t<\/div>\n\t\t\t\t\t<\/div>\n\t\t<\/section>\n\t\t\t\t\t<\/div>\n\t\t<\/div>\n\t\t\t\t\t<\/div>\n\t\t<\/section>\n\t\t\t\t<section class=\"elementor-section elementor-top-section elementor-element elementor-element-9bed6ac elementor-section-boxed elementor-section-height-default elementor-section-height-default\" data-id=\"9bed6ac\" data-element_type=\"section\" data-e-type=\"section\">\n\t\t\t\t\t\t<div class=\"elementor-container elementor-column-gap-default\">\n\t\t\t\t\t<div class=\"elementor-column elementor-col-100 elementor-top-column elementor-element elementor-element-85cf112\" data-id=\"85cf112\" data-element_type=\"column\" data-e-type=\"column\">\n\t\t\t<div class=\"elementor-widget-wrap elementor-element-populated\">\n\t\t\t\t\t\t<div class=\"elementor-element elementor-element-de1a838 elementor-invisible elementor-widget elementor-widget-heading\" data-id=\"de1a838\" data-element_type=\"widget\" data-e-type=\"widget\" data-settings=\"{&quot;_animation&quot;:&quot;fadeInUp&quot;}\" data-widget_type=\"heading.default\">\n\t\t\t\t<div class=\"elementor-widget-container\">\n\t\t\t\t\t<div class=\"elementor-heading-title elementor-size-default\">\u00c1rea de Recursos de Lola G\u00f3mez <\/div>\t\t\t\t<\/div>\n\t\t\t\t<\/div>\n\t\t\t\t<div class=\"elementor-element elementor-element-75fac25 elementor-invisible elementor-widget elementor-widget-heading\" data-id=\"75fac25\" data-element_type=\"widget\" data-e-type=\"widget\" data-settings=\"{&quot;_animation&quot;:&quot;fadeInUp&quot;}\" data-widget_type=\"heading.default\">\n\t\t\t\t<div class=\"elementor-widget-container\">\n\t\t\t\t\t<h2 class=\"elementor-heading-title elementor-size-default\">Pon a prueba tu Espa\u00f1ol<\/h2>\t\t\t\t<\/div>\n\t\t\t\t<\/div>\n\t\t\t\t\t<\/div>\n\t\t<\/div>\n\t\t\t\t\t<\/div>\n\t\t<\/section>\n\t\t\t\t<\/div>\n\t\t","protected":false},"excerpt":{"rendered":"<p>\u00c1rea de Recursos \u00c1rea de Recursos de Lola G\u00f3mez Pon a prueba tu Espa\u00f1ol<\/p>\n","protected":false},"author":4,"featured_media":0,"parent":0,"menu_order":0,"comment_status":"closed","ping_status":"closed","template":"elementor_header_footer","meta":{"footnotes":""},"class_list":["post-935","page","type-page","status-publish","hentry"],"aioseo_notices":[],"_links":{"self":[{"href":"https:\/\/spanish-4you.com\/es\/wp-json\/wp\/v2\/pages\/935","targetHints":{"allow":["GET"]}}],"collection":[{"href":"https:\/\/spanish-4you.com\/es\/wp-json\/wp\/v2\/pages"}],"about":[{"href":"https:\/\/spanish-4you.com\/es\/wp-json\/wp\/v2\/types\/page"}],"author":[{"embeddable":true,"href":"https:\/\/spanish-4you.com\/es\/wp-json\/wp\/v2\/users\/4"}],"replies":[{"embeddable":true,"href":"https:\/\/spanish-4you.com\/es\/wp-json\/wp\/v2\/comments?post=935"}],"version-history":[{"count":11,"href":"https:\/\/spanish-4you.com\/es\/wp-json\/wp\/v2\/pages\/935\/revisions"}],"predecessor-version":[{"id":1976,"href":"https:\/\/spanish-4you.com\/es\/wp-json\/wp\/v2\/pages\/935\/revisions\/1976"}],"wp:attachment":[{"href":"https:\/\/spanish-4you.com\/es\/wp-json\/wp\/v2\/media?parent=935"}],"curies":[{"name":"wp","href":"https:\/\/api.w.org\/{rel}","templated":true}]}}